{"id":949,"date":"2023-05-02T07:04:28","date_gmt":"2023-05-02T07:04:28","guid":{"rendered":"http:\/\/www.dozzafashion.com\/?page_id=949"},"modified":"2023-05-08T07:50:37","modified_gmt":"2023-05-08T07:50:37","slug":"iletisim","status":"publish","type":"page","link":"http:\/\/www.dozzafashion.com\/index.php\/iletisim\/","title":{"rendered":"\u0130LET\u0130\u015e\u0130M"},"content":{"rendered":"\t\t<div data-elementor-type=\"wp-page\" data-elementor-id=\"949\" class=\"elementor elementor-949\">\n\t\t\t\t\t\t<section class=\"elementor-section elementor-top-section elementor-element elementor-element-cc2a94b elementor-section-boxed elementor-section-height-default elementor-section-height-default\" data-id=\"cc2a94b\" data-element_type=\"section\" data-e-type=\"section\">\n\t\t\t\t\t\t<div class=\"elementor-container elementor-column-gap-default\">\n\t\t\t\t\t<div class=\"elementor-column elementor-col-100 elementor-top-column elementor-element elementor-element-adb94be\" data-id=\"adb94be\" data-element_type=\"column\" data-e-type=\"column\">\n\t\t\t<div class=\"elementor-widget-wrap elementor-element-populated\">\n\t\t\t\t\t\t<div class=\"elementor-element elementor-element-1254c54 elementor-invisible elementor-widget elementor-widget-google_maps\" data-id=\"1254c54\" data-element_type=\"widget\" data-e-type=\"widget\" data-settings=\"{&quot;_animation&quot;:&quot;fadeIn&quot;}\" data-widget_type=\"google_maps.default\">\n\t\t\t\t<div class=\"elementor-widget-container\">\n\t\t\t\t\t\t\t<div class=\"elementor-custom-embed\">\n\t\t\t<iframe loading=\"lazy\"\n\t\t\t\t\tsrc=\"https:\/\/maps.google.com\/maps?q=M.%20%C5%9Eevket%20Pa%C5%9Fa%2C%20MAHMUT%C5%9EEVKET%20PA%C5%9EA%20MAH.%20M%C4%B0THAT%20PA%C5%9EA%20CAD%2C%20Ceylan%20Sk.%20NO%3A11%2FB%2C%2034384%20%C5%9Ei%C5%9Fli%2F%C4%B0stanbul%2C%20T%C3%BCrkiye&#038;t=m&#038;z=15&#038;output=embed&#038;iwloc=near\"\n\t\t\t\t\ttitle=\"M. \u015eevket Pa\u015fa, MAHMUT\u015eEVKET PA\u015eA MAH. M\u0130THAT PA\u015eA CAD, Ceylan Sk. NO:11\/B, 34384 \u015ei\u015fli\/\u0130stanbul, T\u00fcrkiye\"\n\t\t\t\t\taria-label=\"M. \u015eevket Pa\u015fa, MAHMUT\u015eEVKET PA\u015eA MAH. M\u0130THAT PA\u015eA CAD, Ceylan Sk. NO:11\/B, 34384 \u015ei\u015fli\/\u0130stanbul, T\u00fcrkiye\"\n\t\t\t><\/iframe>\n\t\t<\/div>\n\t\t\t\t\t\t<\/div>\n\t\t\t\t<\/div>\n\t\t\t\t\t<\/div>\n\t\t<\/div>\n\t\t\t\t\t<\/div>\n\t\t<\/section>\n\t\t\t\t<section class=\"elementor-section elementor-top-section elementor-element elementor-element-3ae2413 elementor-section-boxed elementor-section-height-default elementor-section-height-default\" data-id=\"3ae2413\" data-element_type=\"section\" data-e-type=\"section\">\n\t\t\t\t\t\t<div class=\"elementor-container elementor-column-gap-default\">\n\t\t\t\t\t<div class=\"elementor-column elementor-col-100 elementor-top-column elementor-element elementor-element-5792ae3\" data-id=\"5792ae3\" data-element_type=\"column\" data-e-type=\"column\">\n\t\t\t<div class=\"elementor-widget-wrap elementor-element-populated\">\n\t\t\t\t\t\t<div class=\"elementor-element elementor-element-1d29bdc elementor-widget elementor-widget-text-editor\" data-id=\"1d29bdc\" data-element_type=\"widget\" data-e-type=\"widget\" data-widget_type=\"text-editor.default\">\n\t\t\t\t<div class=\"elementor-widget-container\">\n\t\t\t\t\t\t\t\t\t<p><div class=\"forminator-ui forminator-custom-form forminator-custom-form-1077 forminator-design--material  forminator_ajax\" data-forminator-render=\"0\" data-form=\"forminator-module-1077\" data-uid=\"69e625c7580ef\"><br\/><\/div><form\n\t\t\t\tid=\"forminator-module-1077\"\n\t\t\t\tclass=\"forminator-ui forminator-custom-form forminator-custom-form-1077 forminator-design--material  forminator_ajax\"\n\t\t\t\tmethod=\"post\"\n\t\t\t\tdata-forminator-render=\"0\"\n\t\t\t\tdata-form-id=\"1077\"\n\t\t\t\t data-color-option=\"default\" data-design=\"material\" data-grid=\"open\" style=\"display: none;\"\n\t\t\t\tdata-uid=\"69e625c7580ef\"\n\t\t\t><div role=\"alert\" aria-live=\"polite\" class=\"forminator-response-message forminator-error\" aria-hidden=\"true\"><\/div><div class=\"forminator-row\"><div id=\"name-1\" class=\"forminator-field-name forminator-col forminator-col-12 \"><div class=\"forminator-field\"><label for=\"forminator-field-name-1_69e625c7580ef\" id=\"forminator-field-name-1_69e625c7580ef-label\" class=\"forminator-label\">AD SOYAD <span class=\"forminator-required\">*<\/span><\/label><input type=\"text\" name=\"name-1\" value=\"\" placeholder=\"\" id=\"forminator-field-name-1_69e625c7580ef\" class=\"forminator-input forminator-name--field\" aria-required=\"true\" autocomplete=\"name\" \/><\/div><\/div><\/div><div class=\"forminator-row\"><div id=\"email-1\" class=\"forminator-field-email forminator-col forminator-col-12 \"><div class=\"forminator-field\"><label for=\"forminator-field-email-1_69e625c7580ef\" id=\"forminator-field-email-1_69e625c7580ef-label\" class=\"forminator-label\">E-posta Adresi <span class=\"forminator-required\">*<\/span><\/label><input type=\"email\" name=\"email-1\" value=\"\" placeholder=\"\" id=\"forminator-field-email-1_69e625c7580ef\" class=\"forminator-input forminator-email--field\" data-required=\"true\" aria-required=\"true\" autocomplete=\"email\" \/><\/div><\/div><\/div><div class=\"forminator-row\"><div id=\"phone-1\" class=\"forminator-field-phone forminator-col forminator-col-12 \"><div class=\"forminator-field\"><label for=\"forminator-field-phone-1_69e625c7580ef\" id=\"forminator-field-phone-1_69e625c7580ef-label\" class=\"forminator-label\">Telefon Numaras\u0131 <span class=\"forminator-required\">*<\/span><\/label><input type=\"text\" name=\"phone-1\" value=\"\" placeholder=\"\" id=\"forminator-field-phone-1_69e625c7580ef\" class=\"forminator-input forminator-field--phone\" data-required=\"1\" aria-required=\"true\" autocomplete=\"off\" \/><\/div><\/div><\/div><div class=\"forminator-row\"><div id=\"textarea-1\" class=\"forminator-field-textarea forminator-col forminator-col-12 \"><div class=\"forminator-field\"><label for=\"forminator-field-textarea-1_69e625c7580ef\" id=\"forminator-field-textarea-1_69e625c7580ef-label\" class=\"forminator-label\">Mesaj<\/label><textarea name=\"textarea-1\" placeholder=\"Mesaj\u0131n\u0131z\u0131 giriniz...\" id=\"forminator-field-textarea-1_69e625c7580ef\" class=\"forminator-textarea\" rows=\"6\" style=\"min-height:140px;\" maxlength=\"180\" ><\/textarea><span id=\"forminator-field-textarea-1_69e625c7580ef-description\" class=\"forminator-description\"><span data-limit=\"180\" data-type=\"characters\" data-editor=\"\">0 \/ 180<\/span><\/span><\/div><\/div><\/div><input type=\"hidden\" name=\"referer_url\" value=\"\" \/><div class=\"forminator-row forminator-row-last\"><div class=\"forminator-col\"><div class=\"forminator-field\"><button class=\"forminator-button forminator-button-submit\"><span>G&ouml;nder<\/span><span aria-hidden=\"true\"><\/span><\/button><\/div><\/div><\/div><input type=\"hidden\" id=\"forminator_nonce\" name=\"forminator_nonce\" value=\"f3315b48c0\" \/><input type=\"hidden\" name=\"_wp_http_referer\" value=\"\/index.php\/wp-json\/wp\/v2\/pages\/949\" \/><input type=\"hidden\" name=\"form_id\" value=\"1077\"><input type=\"hidden\" name=\"page_id\" value=\"949\"><input type=\"hidden\" name=\"form_type\" value=\"default\"><input type=\"hidden\" name=\"current_url\" value=\"http:\/\/www.dozzafashion.com\/index.php\/iletisim\/\"><input type=\"hidden\" name=\"render_id\" value=\"0\"><input type=\"hidden\" name=\"action\" value=\"forminator_submit_form_custom-forms\"><\/form><\/p>\t\t\t\t\t\t\t\t<\/div>\n\t\t\t\t<\/div>\n\t\t\t\t\t<\/div>\n\t\t<\/div>\n\t\t\t\t\t<\/div>\n\t\t<\/section>\n\t\t\t\t<\/div>\n\t\t","protected":false},"excerpt":{"rendered":"","protected":false},"author":1,"featured_media":0,"parent":0,"menu_order":0,"comment_status":"closed","ping_status":"closed","template":"","meta":{"footnotes":""},"class_list":["post-949","page","type-page","status-publish","hentry"],"_links":{"self":[{"href":"http:\/\/www.dozzafashion.com\/index.php\/wp-json\/wp\/v2\/pages\/949","targetHints":{"allow":["GET"]}}],"collection":[{"href":"http:\/\/www.dozzafashion.com\/index.php\/wp-json\/wp\/v2\/pages"}],"about":[{"href":"http:\/\/www.dozzafashion.com\/index.php\/wp-json\/wp\/v2\/types\/page"}],"author":[{"embeddable":true,"href":"http:\/\/www.dozzafashion.com\/index.php\/wp-json\/wp\/v2\/users\/1"}],"replies":[{"embeddable":true,"href":"http:\/\/www.dozzafashion.com\/index.php\/wp-json\/wp\/v2\/comments?post=949"}],"version-history":[{"count":55,"href":"http:\/\/www.dozzafashion.com\/index.php\/wp-json\/wp\/v2\/pages\/949\/revisions"}],"predecessor-version":[{"id":1446,"href":"http:\/\/www.dozzafashion.com\/index.php\/wp-json\/wp\/v2\/pages\/949\/revisions\/1446"}],"wp:attachment":[{"href":"http:\/\/www.dozzafashion.com\/index.php\/wp-json\/wp\/v2\/media?parent=949"}],"curies":[{"name":"wp","href":"https:\/\/api.w.org\/{rel}","templated":true}]}}