{"id":946,"date":"2023-05-02T07:04:28","date_gmt":"2023-05-02T07:04:28","guid":{"rendered":"http:\/\/www.dozzafashion.com\/?page_id=946"},"modified":"2023-05-05T11:59:05","modified_gmt":"2023-05-05T11:59:05","slug":"hakkimizda","status":"publish","type":"page","link":"http:\/\/www.dozzafashion.com\/index.php\/hakkimizda\/","title":{"rendered":"HAKKIMIZDA"},"content":{"rendered":"\t\t<div data-elementor-type=\"wp-page\" data-elementor-id=\"946\" class=\"elementor elementor-946\">\n\t\t\t\t\t\t<section class=\"elementor-section elementor-top-section elementor-element elementor-element-f7ab1e2 elementor-section-boxed elementor-section-height-default elementor-section-height-default elementor-invisible\" data-id=\"f7ab1e2\" data-element_type=\"section\" data-e-type=\"section\" data-settings=\"{&quot;animation&quot;:&quot;fadeIn&quot;}\">\n\t\t\t\t\t\t<div class=\"elementor-container elementor-column-gap-default\">\n\t\t\t\t\t<div class=\"elementor-column elementor-col-100 elementor-top-column elementor-element elementor-element-9e7da3c\" data-id=\"9e7da3c\" data-element_type=\"column\" data-e-type=\"column\">\n\t\t\t<div class=\"elementor-widget-wrap elementor-element-populated\">\n\t\t\t\t\t\t<div class=\"elementor-element elementor-element-a8d3d7b elementor-widget elementor-widget-image\" data-id=\"a8d3d7b\" data-element_type=\"widget\" data-e-type=\"widget\" data-widget_type=\"image.default\">\n\t\t\t\t<div class=\"elementor-widget-container\">\n\t\t\t\t\t\t\t\t\t\t\t\t\t\t\t<img fetchpriority=\"high\" decoding=\"async\" width=\"748\" height=\"474\" src=\"http:\/\/www.dozzafashion.com\/wp-content\/uploads\/2023\/05\/cropped-dozzafashionlogo-1.png\" class=\"attachment-ashe-full-thumbnail size-ashe-full-thumbnail wp-image-1167\" alt=\"\" srcset=\"http:\/\/www.dozzafashion.com\/wp-content\/uploads\/2023\/05\/cropped-dozzafashionlogo-1.png 748w, http:\/\/www.dozzafashion.com\/wp-content\/uploads\/2023\/05\/cropped-dozzafashionlogo-1-300x190.png 300w\" sizes=\"(max-width: 748px) 100vw, 748px\" \/>\t\t\t\t\t\t\t\t\t\t\t\t\t\t\t<\/div>\n\t\t\t\t<\/div>\n\t\t\t\t<div class=\"elementor-element elementor-element-fd756dd elementor-widget elementor-widget-text-editor\" data-id=\"fd756dd\" data-element_type=\"widget\" data-e-type=\"widget\" data-widget_type=\"text-editor.default\">\n\t\t\t\t<div class=\"elementor-widget-container\">\n\t\t\t\t\t\t\t\t\t<div class=\"MessageList custom-scroll no-avatars with-default-bg\" data-normal-height=\"641\"><div class=\"messages-container\"><div class=\"message-date-group\"><div id=\"message7624\" class=\"Message message-list-item first-in-group last-in-group last-in-list has-menu-open open shown\" data-message-id=\"7624\"><div class=\"message-content-wrapper can-select-text\"><div class=\"message-content text has-shadow has-solid-background has-appendix\" dir=\"auto\"><div class=\"content-inner\" dir=\"auto\"><div class=\"text-content clearfix with-meta\" dir=\"auto\">Firmam\u0131z Numan Can &#8211; Fahrettin Can taraf\u0131ndan 1994 y\u0131l\u0131nda kurulmu\u015ftur. 1995 y\u0131l\u0131nda \u015firketle\u015ferek \u00fcretimi artt\u0131rma ve marka olma yolunda faaliyetlerine devam etmi\u015ftir. \u00a0\u00a0\u00a0\u00a02000 y\u0131l\u0131nda DELIZIA markas\u0131n\u0131 2019 y\u0131l\u0131nda DOZZA FASHION\u00a0 markas\u0131n\u0131 \u00f6n plana \u00e7\u0131kartarak \u00a0bayan d\u0131\u015f giyim \u00fczerine yeni modeller \u00fcreterek d\u0131\u015f piyasaya a\u00e7\u0131lm\u0131\u015ft\u0131r. Her sezon iki koleksiyon haz\u0131rlad\u0131\u011f\u0131 yeni modellerini piyasaya sunmaktad\u0131r. Firmam\u0131z yenilik\u00e7i ve moday\u0131 yak\u0131ndan takip eden bir \u015firket anlay\u0131\u015f\u0131 ile, kaliteli \u00fcretimini y\u0131llar itibari ile artt\u0131rarak emsalleri aras\u0131nda sayg\u0131n yerini alm\u0131\u015ft\u0131r. Y\u0131ll\u0131k \u00fcretim kapasitesi 200.000 olup %20 i\u00e7 piyasa ve %80 d\u0131\u015f piyasa olarak b\u00f6l\u00fcnm\u00fc\u015ft\u00fcr. \u0130hracat yap\u0131lan \u00fclkeler aras\u0131nda FRANSA, HOLLANDA, \u0130NG\u0130LTERE, BEL\u00c7\u0130KA, DAN\u0130MARKA, RUSYA, UKRAYNA, POLONYA , \u00d6ZBEK\u0130STAN,KAZAK\u0130STAN ve bir\u00e7ok Avrupa \u00fclkesi vard\u0131r. \u0130lkesi kaliteli hizmet anlay\u0131\u015f\u0131 olan firma faaliyetlerine geli\u015ferek devam etmektedir.<\/div><\/div><\/div><\/div><\/div><\/div><\/div><\/div>\t\t\t\t\t\t\t\t<\/div>\n\t\t\t\t<\/div>\n\t\t\t\t\t<\/div>\n\t\t<\/div>\n\t\t\t\t\t<\/div>\n\t\t<\/section>\n\t\t\t\t<\/div>\n\t\t","protected":false},"excerpt":{"rendered":"<p>Firmam\u0131z Numan Can &#8211; Fahrettin Can taraf\u0131ndan 1994 y\u0131l\u0131nda kurulmu\u015ftur. 1995 y\u0131l\u0131nda \u015firketle\u015ferek \u00fcretimi artt\u0131rma ve marka olma yolunda faaliyetlerine devam etmi\u015ftir. \u00a0\u00a0\u00a0\u00a02000 y\u0131l\u0131nda DELIZIA markas\u0131n\u0131 2019 y\u0131l\u0131nda DOZZA FASHION\u00a0 markas\u0131n\u0131 \u00f6n plana \u00e7\u0131kartarak \u00a0bayan d\u0131\u015f giyim \u00fczerine yeni modeller \u00fcreterek d\u0131\u015f piyasaya a\u00e7\u0131lm\u0131\u015ft\u0131r. Her sezon iki koleksiyon haz\u0131rlad\u0131\u011f\u0131 yeni modellerini piyasaya sunmaktad\u0131r. Firmam\u0131z yenilik\u00e7i ve moday\u0131 yak\u0131ndan takip eden bir \u015firket anlay\u0131\u015f\u0131 ile, kaliteli \u00fcretimini y\u0131llar itibari ile artt\u0131rarak emsalleri aras\u0131nda sayg\u0131n yerini alm\u0131\u015ft\u0131r. Y\u0131ll\u0131k \u00fcretim kapasitesi 200.000 olup %20 i\u00e7 piyasa ve %80 d\u0131\u015f piyasa olarak b\u00f6l\u00fcnm\u00fc\u015ft\u00fcr. \u0130hracat yap\u0131lan \u00fclkeler aras\u0131nda FRANSA, HOLLANDA, \u0130NG\u0130LTERE, BEL\u00c7\u0130KA, DAN\u0130MARKA, RUSYA, UKRAYNA, POLONYA , \u00d6ZBEK\u0130STAN,KAZAK\u0130STAN ve bir\u00e7ok Avrupa \u00fclkesi vard\u0131r. \u0130lkesi kaliteli hizmet anlay\u0131\u015f\u0131 olan firma faaliyetlerine geli\u015ferek devam etmektedir.<\/p>\n","protected":false},"author":1,"featured_media":0,"parent":0,"menu_order":0,"comment_status":"closed","ping_status":"closed","template":"","meta":{"footnotes":""},"class_list":["post-946","page","type-page","status-publish","hentry"],"_links":{"self":[{"href":"http:\/\/www.dozzafashion.com\/index.php\/wp-json\/wp\/v2\/pages\/946","targetHints":{"allow":["GET"]}}],"collection":[{"href":"http:\/\/www.dozzafashion.com\/index.php\/wp-json\/wp\/v2\/pages"}],"about":[{"href":"http:\/\/www.dozzafashion.com\/index.php\/wp-json\/wp\/v2\/types\/page"}],"author":[{"embeddable":true,"href":"http:\/\/www.dozzafashion.com\/index.php\/wp-json\/wp\/v2\/users\/1"}],"replies":[{"embeddable":true,"href":"http:\/\/www.dozzafashion.com\/index.php\/wp-json\/wp\/v2\/comments?post=946"}],"version-history":[{"count":16,"href":"http:\/\/www.dozzafashion.com\/index.php\/wp-json\/wp\/v2\/pages\/946\/revisions"}],"predecessor-version":[{"id":1338,"href":"http:\/\/www.dozzafashion.com\/index.php\/wp-json\/wp\/v2\/pages\/946\/revisions\/1338"}],"wp:attachment":[{"href":"http:\/\/www.dozzafashion.com\/index.php\/wp-json\/wp\/v2\/media?parent=946"}],"curies":[{"name":"wp","href":"https:\/\/api.w.org\/{rel}","templated":true}]}}